{"id":16,"date":"2025-10-31T11:28:25","date_gmt":"2025-10-31T11:28:25","guid":{"rendered":"http:\/\/tierklinik-sonnberg.at\/?page_id=16"},"modified":"2025-11-05T12:19:16","modified_gmt":"2025-11-05T12:19:16","slug":"impressum","status":"publish","type":"page","link":"https:\/\/tierklinik-sonnberg.at\/?page_id=16","title":{"rendered":"impressum"},"content":{"rendered":"<p>Tierklinik am Sonnberg<br \/>\nDr. Petra Fischer &amp; Dr. Josef Fischer<br \/>\nHochstra\u00dfe 93<br \/>\n2380 Perchtoldsdorf<br \/>\n+43 1 865 77 61<br \/>\ninfo@tierklinik-sonnberg.at<br \/>\nVollst\u00e4ndiger Firmenname:\u00a0 Tier\u00e4rzte Fischer &amp; Partner OG<br \/>\nOrt der Praxisaus\u00fcbung: Hochstra\u00dfe 93,\u00a0 2380 Perchtoldsdorf, \u00d6sterreich<br \/>\nUID-Nummer: ATU40834200<br \/>\nRechtsform:\u00a0 OG<br \/>\nFirmenbuchnummer:\u00a0FN 80798x<br \/>\nFirmenbuchgericht:\u00a0Landesgericht Wr. Neustadt<br \/>\nGesch\u00e4ftsf\u00fchrung\/Juristische Person: Dr. Petra Fischer, Dr. Josef Fischer<br \/>\nZus\u00e4tzliche Informationspflicht: Unternehmensgegenstand Tierarzt<\/p>\n","protected":false},"excerpt":{"rendered":"<p>Tierklinik am Sonnberg Dr. Petra Fischer &amp; Dr. Josef Fischer Hochstra\u00dfe 93 2380 Perchtoldsdorf +43 1 865 77 61 info@tierklinik-sonnberg.at Vollst\u00e4ndiger Firmenname:\u00a0 Tier\u00e4rzte Fischer &amp; Partner OG Ort der Praxisaus\u00fcbung: Hochstra\u00dfe 93,\u00a0 2380 Perchtoldsdorf, \u00d6sterreich UID-Nummer: ATU40834200 Rechtsform:\u00a0 OG Firmenbuchnummer:\u00a0FN 80798x Firmenbuchgericht:\u00a0Landesgericht Wr. Neustadt Gesch\u00e4ftsf\u00fchrung\/Juristische Person: Dr. Petra Fischer, Dr. Josef Fischer Zus\u00e4tzliche Informationspflicht: Unternehmensgegenstand [&hellip;]<\/p>\n","protected":false},"author":1,"featured_media":0,"parent":7,"menu_order":4,"comment_status":"closed","ping_status":"closed","template":"page-no-title","meta":{"_themeisle_gutenberg_block_has_review":false,"footnotes":""},"class_list":["post-16","page","type-page","status-publish","hentry"],"_links":{"self":[{"href":"https:\/\/tierklinik-sonnberg.at\/index.php?rest_route=\/wp\/v2\/pages\/16","targetHints":{"allow":["GET"]}}],"collection":[{"href":"https:\/\/tierklinik-sonnberg.at\/index.php?rest_route=\/wp\/v2\/pages"}],"about":[{"href":"https:\/\/tierklinik-sonnberg.at\/index.php?rest_route=\/wp\/v2\/types\/page"}],"author":[{"embeddable":true,"href":"https:\/\/tierklinik-sonnberg.at\/index.php?rest_route=\/wp\/v2\/users\/1"}],"replies":[{"embeddable":true,"href":"https:\/\/tierklinik-sonnberg.at\/index.php?rest_route=%2Fwp%2Fv2%2Fcomments&post=16"}],"version-history":[{"count":2,"href":"https:\/\/tierklinik-sonnberg.at\/index.php?rest_route=\/wp\/v2\/pages\/16\/revisions"}],"predecessor-version":[{"id":55,"href":"https:\/\/tierklinik-sonnberg.at\/index.php?rest_route=\/wp\/v2\/pages\/16\/revisions\/55"}],"up":[{"embeddable":true,"href":"https:\/\/tierklinik-sonnberg.at\/index.php?rest_route=\/wp\/v2\/pages\/7"}],"wp:attachment":[{"href":"https:\/\/tierklinik-sonnberg.at\/index.php?rest_route=%2Fwp%2Fv2%2Fmedia&parent=16"}],"curies":[{"name":"wp","href":"https:\/\/api.w.org\/{rel}","templated":true}]}}