{"id":61,"date":"2025-10-31T11:39:55","date_gmt":"2025-10-31T11:39:55","guid":{"rendered":"http:\/\/tierklinik-sonnberg.at\/?page_id=61"},"modified":"2026-04-08T09:38:45","modified_gmt":"2026-04-08T09:38:45","slug":"61-2","status":"publish","type":"page","link":"https:\/\/tierklinik-sonnberg.at\/?page_id=61","title":{"rendered":"Leistungen"},"content":{"rendered":"<h2 class=\"subtitle\">Diese Untersuchungen bieten wir Ihrem Tier an:<\/h2>\n<ul>\n<li class=\"bodytext\">Eine gr\u00fcndliche <strong>klinische Untersuchung<\/strong> als Basis<\/li>\n<li class=\"bodytext\"><strong>Laboruntersuchungen<\/strong><\/li>\n<li class=\"bodytext\"><strong>Ultraschall<\/strong><\/li>\n<li class=\"bodytext\"><strong>Endoskopie<\/strong>\u00a0um in das Innere ihres Tieres zu sehen und dort Proben zu entnehmen.<\/li>\n<li class=\"bodytext\">Farb-Doppler-<strong>Herzultraschalluntersuchungen<\/strong>, um eine fundierte Herzdiagnose und Therapie durchf\u00fchren zu k\u00f6nnen.<\/li>\n<li class=\"bodytext\"><strong>Blutdruckmessungen<\/strong> mit modernster Technik erg\u00e4nzen neben computergest\u00fctztem EKG die Herz- Kreislaufdiagnose.<\/li>\n<li class=\"bodytext\"><strong>Digitales R\u00f6ntgen<\/strong> und <strong>Zahnr\u00f6ntgen<\/strong> modernster Bauart l\u00e4sst uns auch zarte Ver\u00e4nderungen gut erkennen.<\/li>\n<li>CT- Untersuchungen \u00fcberlassen wir einem Spezialisten, der uns langj\u00e4hrig zur Seite steht.<\/li>\n<\/ul>\n<p class=\"bodytext\">G\u00e4ngige <strong>Blutlabor- und Harnuntersuchungen, mikroskopische Untersuchungen der Haut\u00a0<\/strong> und von <strong>Tumoren<\/strong> sowie auch <strong>Kotuntersuchungen auf Parasiten<\/strong> bei allen Haustieren analysieren wir schnell im <strong>eigenen Labor<\/strong>. F\u00fcr spezielle Analysen arbeiten wir mit externen Labors zusammen. F\u00fcr die Routine-Blutuntersuchung ben\u00f6tigen wir nur 100 Mikroliter Blut, also so wenig, dass auch kleinere V\u00f6gel und Reptilien damit analysiert werden k\u00f6nnen.<\/p>\n<p class=\"bodytext\">.<img loading=\"lazy\" decoding=\"async\" class=\"alignnone size-medium wp-image-134\" src=\"https:\/\/tierklinik-sonnberg.at\/wp-content\/uploads\/2025\/11\/K800_IMG00417-300x169.jpg\" alt=\"\" width=\"300\" height=\"169\" srcset=\"https:\/\/tierklinik-sonnberg.at\/wp-content\/uploads\/2025\/11\/K800_IMG00417-300x169.jpg 300w, https:\/\/tierklinik-sonnberg.at\/wp-content\/uploads\/2025\/11\/K800_IMG00417-1024x577.jpg 1024w, https:\/\/tierklinik-sonnberg.at\/wp-content\/uploads\/2025\/11\/K800_IMG00417-768x433.jpg 768w, https:\/\/tierklinik-sonnberg.at\/wp-content\/uploads\/2025\/11\/K800_IMG00417.jpg 1064w\" sizes=\"auto, (max-width: 300px) 100vw, 300px\" \/><\/p>\n","protected":false},"excerpt":{"rendered":"<p>Diese Untersuchungen bieten wir Ihrem Tier an: Eine gr\u00fcndliche klinische Untersuchung als Basis Laboruntersuchungen Ultraschall Endoskopie\u00a0um in das Innere ihres Tieres zu sehen und dort Proben zu entnehmen. Farb-Doppler-Herzultraschalluntersuchungen, um eine fundierte Herzdiagnose und Therapie durchf\u00fchren zu k\u00f6nnen. Blutdruckmessungen mit modernster Technik erg\u00e4nzen neben computergest\u00fctztem EKG die Herz- Kreislaufdiagnose. Digitales R\u00f6ntgen und Zahnr\u00f6ntgen modernster Bauart [&hellip;]<\/p>\n","protected":false},"author":1,"featured_media":0,"parent":7,"menu_order":0,"comment_status":"closed","ping_status":"closed","template":"page-no-title","meta":{"_themeisle_gutenberg_block_has_review":false,"footnotes":""},"class_list":["post-61","page","type-page","status-publish","hentry"],"_links":{"self":[{"href":"https:\/\/tierklinik-sonnberg.at\/index.php?rest_route=\/wp\/v2\/pages\/61","targetHints":{"allow":["GET"]}}],"collection":[{"href":"https:\/\/tierklinik-sonnberg.at\/index.php?rest_route=\/wp\/v2\/pages"}],"about":[{"href":"https:\/\/tierklinik-sonnberg.at\/index.php?rest_route=\/wp\/v2\/types\/page"}],"author":[{"embeddable":true,"href":"https:\/\/tierklinik-sonnberg.at\/index.php?rest_route=\/wp\/v2\/users\/1"}],"replies":[{"embeddable":true,"href":"https:\/\/tierklinik-sonnberg.at\/index.php?rest_route=%2Fwp%2Fv2%2Fcomments&post=61"}],"version-history":[{"count":11,"href":"https:\/\/tierklinik-sonnberg.at\/index.php?rest_route=\/wp\/v2\/pages\/61\/revisions"}],"predecessor-version":[{"id":345,"href":"https:\/\/tierklinik-sonnberg.at\/index.php?rest_route=\/wp\/v2\/pages\/61\/revisions\/345"}],"up":[{"embeddable":true,"href":"https:\/\/tierklinik-sonnberg.at\/index.php?rest_route=\/wp\/v2\/pages\/7"}],"wp:attachment":[{"href":"https:\/\/tierklinik-sonnberg.at\/index.php?rest_route=%2Fwp%2Fv2%2Fmedia&parent=61"}],"curies":[{"name":"wp","href":"https:\/\/api.w.org\/{rel}","templated":true}]}}