{"id":65,"date":"2025-10-31T11:52:51","date_gmt":"2025-10-31T11:52:51","guid":{"rendered":"http:\/\/tierklinik-sonnberg.at\/?page_id=65"},"modified":"2025-12-05T10:31:51","modified_gmt":"2025-12-05T10:31:51","slug":"chirurgie","status":"publish","type":"page","link":"https:\/\/tierklinik-sonnberg.at\/?page_id=65","title":{"rendered":"Chirurgie"},"content":{"rendered":"<h5 class=\"bodytext\">Das Spektrum unserer chirurgischen Leistungen umfasst Operationen an allen Weichteilen und Knochen.<\/h5>\n<p>Wir diagnostizieren, behandeln und operieren Tumoren, n\u00e4hen Wunden, und machen gebrochene Knochen wieder ganz. Auch die Chirurgie rund um die\u00a0 Augen geh\u00f6rt zu unserem Leistungsangebot.<\/p>\n<p>Wir sind bestens ausger\u00fcstet, um alle Standard- und auch komplizierten Operationen auszuf\u00fchren. Methodisch unterscheiden wir zwischen konservativen und endoskopischen Operationen, der sogenannten &#8222;Knopfloch-Chirurgie&#8220;.<\/p>\n<p>Unser Narkosemanagement entspricht modernsten Anforderungen. Neben den bei kleinen Eingriffen h\u00e4ufigen Injektionsnarkosen operieren wir mittels\u00a0 computerunterst\u00fctzter Inhalationsnarkose, je nach Bedarf mit und ohne k\u00fcnstlicher Beatmung und einem entsprechenden Monitoringsystem zur \u00dcberwachung und Sicherstellung der Vitalparameter. Narkosegase Isofluran und auch Sevofluran stehen f\u00fcr spezielle Anforderungen wie z.B. Meerschweinchennarkosen zur Verf\u00fcgung.<\/p>\n\n<table id=\"tablepress-4\" class=\"tablepress tablepress-id-4\" aria-describedby=\"tablepress-4-description\">\n<tbody class=\"row-hover\">\n<tr class=\"row-1\">\n\t<td class=\"column-1\"><img loading=\"lazy\" decoding=\"async\" src=\"https:\/\/tierklinik-sonnberg.at\/wp-content\/uploads\/2025\/11\/K800_Arras-300x208.jpg\" alt=\"\" width=\"300\" height=\"208\" class=\"alignnone size-medium wp-image-145\" srcset=\"https:\/\/tierklinik-sonnberg.at\/wp-content\/uploads\/2025\/11\/K800_Arras-300x208.jpg 300w, https:\/\/tierklinik-sonnberg.at\/wp-content\/uploads\/2025\/11\/K800_Arras-768x533.jpg 768w, https:\/\/tierklinik-sonnberg.at\/wp-content\/uploads\/2025\/11\/K800_Arras.jpg 865w\" sizes=\"auto, (max-width: 300px) 100vw, 300px\" \/><\/td><td class=\"column-2\"><img loading=\"lazy\" decoding=\"async\" src=\"https:\/\/tierklinik-sonnberg.at\/wp-content\/uploads\/2025\/11\/K800_DSC05351-300x225.jpg\" alt=\"\" width=\"300\" height=\"225\" class=\"alignnone size-medium wp-image-146\" srcset=\"https:\/\/tierklinik-sonnberg.at\/wp-content\/uploads\/2025\/11\/K800_DSC05351-300x225.jpg 300w, https:\/\/tierklinik-sonnberg.at\/wp-content\/uploads\/2025\/11\/K800_DSC05351-768x576.jpg 768w, https:\/\/tierklinik-sonnberg.at\/wp-content\/uploads\/2025\/11\/K800_DSC05351.jpg 800w\" sizes=\"auto, (max-width: 300px) 100vw, 300px\" \/><\/td><td class=\"column-3\"><img loading=\"lazy\" decoding=\"async\" src=\"https:\/\/tierklinik-sonnberg.at\/wp-content\/uploads\/2025\/11\/DSC01795-300x225.jpg\" alt=\"\" width=\"300\" height=\"225\" class=\"alignnone size-medium wp-image-139\" srcset=\"https:\/\/tierklinik-sonnberg.at\/wp-content\/uploads\/2025\/11\/DSC01795-300x225.jpg 300w, https:\/\/tierklinik-sonnberg.at\/wp-content\/uploads\/2025\/11\/DSC01795.jpg 640w\" sizes=\"auto, (max-width: 300px) 100vw, 300px\" \/><\/td><td class=\"column-4\"><img loading=\"lazy\" decoding=\"async\" src=\"https:\/\/tierklinik-sonnberg.at\/wp-content\/uploads\/2025\/12\/K800_Narkose1-300x225.jpg\" alt=\"\" width=\"300\" height=\"225\" class=\"alignnone size-medium wp-image-272\" srcset=\"https:\/\/tierklinik-sonnberg.at\/wp-content\/uploads\/2025\/12\/K800_Narkose1-300x225.jpg 300w, https:\/\/tierklinik-sonnberg.at\/wp-content\/uploads\/2025\/12\/K800_Narkose1-768x576.jpg 768w, https:\/\/tierklinik-sonnberg.at\/wp-content\/uploads\/2025\/12\/K800_Narkose1.jpg 800w\" sizes=\"auto, (max-width: 300px) 100vw, 300px\" \/><\/td><td class=\"column-5\"><\/td>\n<\/tr>\n<tr class=\"row-2\">\n\t<td class=\"column-1\">Draht im Magen<\/td><td class=\"column-2\">... der sich als Toastverschluss herausstellt<\/td><td class=\"column-3\">Nagelung der gebrochenen Handwurzel<\/td><td class=\"column-4\">Vollautomatisiertes Narkosesystem<\/td><td class=\"column-5\"><\/td>\n<\/tr>\n<\/tbody>\n<\/table>\n<span id=\"tablepress-4-description\" class=\"tablepress-table-description tablepress-table-description-id-4\">Toastverschluss im Magen<br \/>\nGenagelte Knochenbr\u00fcche<\/span>\n<!-- #tablepress-4 from cache -->\n","protected":false},"excerpt":{"rendered":"<p>Das Spektrum unserer chirurgischen Leistungen umfasst Operationen an allen Weichteilen und Knochen. Wir diagnostizieren, behandeln und operieren Tumoren, n\u00e4hen Wunden, und machen gebrochene Knochen wieder ganz. Auch die Chirurgie rund um die\u00a0 Augen geh\u00f6rt zu unserem Leistungsangebot. Wir sind bestens ausger\u00fcstet, um alle Standard- und auch komplizierten Operationen auszuf\u00fchren. Methodisch unterscheiden wir zwischen konservativen und [&hellip;]<\/p>\n","protected":false},"author":1,"featured_media":0,"parent":7,"menu_order":0,"comment_status":"closed","ping_status":"closed","template":"page-no-title","meta":{"_themeisle_gutenberg_block_has_review":false,"footnotes":""},"class_list":["post-65","page","type-page","status-publish","hentry"],"_links":{"self":[{"href":"https:\/\/tierklinik-sonnberg.at\/index.php?rest_route=\/wp\/v2\/pages\/65","targetHints":{"allow":["GET"]}}],"collection":[{"href":"https:\/\/tierklinik-sonnberg.at\/index.php?rest_route=\/wp\/v2\/pages"}],"about":[{"href":"https:\/\/tierklinik-sonnberg.at\/index.php?rest_route=\/wp\/v2\/types\/page"}],"author":[{"embeddable":true,"href":"https:\/\/tierklinik-sonnberg.at\/index.php?rest_route=\/wp\/v2\/users\/1"}],"replies":[{"embeddable":true,"href":"https:\/\/tierklinik-sonnberg.at\/index.php?rest_route=%2Fwp%2Fv2%2Fcomments&post=65"}],"version-history":[{"count":8,"href":"https:\/\/tierklinik-sonnberg.at\/index.php?rest_route=\/wp\/v2\/pages\/65\/revisions"}],"predecessor-version":[{"id":224,"href":"https:\/\/tierklinik-sonnberg.at\/index.php?rest_route=\/wp\/v2\/pages\/65\/revisions\/224"}],"up":[{"embeddable":true,"href":"https:\/\/tierklinik-sonnberg.at\/index.php?rest_route=\/wp\/v2\/pages\/7"}],"wp:attachment":[{"href":"https:\/\/tierklinik-sonnberg.at\/index.php?rest_route=%2Fwp%2Fv2%2Fmedia&parent=65"}],"curies":[{"name":"wp","href":"https:\/\/api.w.org\/{rel}","templated":true}]}}