{"id":68,"date":"2025-10-31T11:55:10","date_gmt":"2025-10-31T11:55:10","guid":{"rendered":"http:\/\/tierklinik-sonnberg.at\/?page_id=68"},"modified":"2025-12-10T13:25:40","modified_gmt":"2025-12-10T13:25:40","slug":"knie","status":"publish","type":"page","link":"https:\/\/tierklinik-sonnberg.at\/?page_id=68","title":{"rendered":"Knie"},"content":{"rendered":"<div id=\"r2355\" class=\"row \">\n<div class=\"container container-fixed\">\n<div class=\"col col-sm-12 col-md-8 col-lg-8\">\n<div id=\"m1848\" class=\"module text\">\n<h2>H\u00e4ufige Methoden zur Kreuzbandoperation im \u00dcberblick<\/h2>\n<h2><\/h2>\n<h2 class=\"darkspottext\">Zlig<\/h2>\n<p>Zlig ist ein relativ neuer Begriff innnerhalb der Operationstechniken des Kreuzbandrisses. Gab es bis vor Kurzem keine wirklich brauchbaren Materialien, die ein Kreuzband ersetzen konnten, wurde mit dem Zlig\u00a0 ein ausgezeichneter Ersatz geschaffen. Zur Implantation werden an den Ansatzstellen des gerissenen Kreuzbandes Kan\u00e4le durch den Knochen gebohrt und das k\u00fcnstliche Band dort eingef\u00e4delt. Ein Belastung des Knies zum Spazierengehen ist sofort nach der Operation m\u00f6glich, nur die Hundewiese mit wildem Spiel bleibt f\u00fcr einige Wochen verwehrt. Katzen d\u00fcrfen nach dem Eingriff und abgeschlossener Wundheilung nach 10 Tagen wieder ins Freie. Einsperren \u00fcber einen l\u00e4ngeren Zeitraum ist nicht n\u00f6tig. Kein Vorteil ohne Nachteil: eher kostspielig.<\/p>\n<p><img loading=\"lazy\" decoding=\"async\" class=\"alignnone size-full wp-image-191\" src=\"https:\/\/tierklinik-sonnberg.at\/wp-content\/uploads\/2025\/11\/zlig_schema-1.jpg\" alt=\"\" width=\"128\" height=\"128\" \/><\/p>\n<p>Bildquelle: eickemeyer.de<\/p>\n<p>&nbsp;<\/p>\n<\/div>\n<h2>Externer Bandersatz<\/h2>\n<\/div>\n<\/div>\n<\/div>\n<div id=\"r4533\" class=\"row \">\n<div class=\"container container-fixed\">\n<div class=\"col col-sm-12 col-md-8 col-lg-8\">\n<div id=\"m4623\" class=\"module text\">\n<p>Eine alt hergebrachte Technik, die aber vielfach noch in Verwendung ist und gute Erfolge zeigt. Das gerissene Kreuzband wird belassen oder entfernt und au\u00dferhalb des Gelenks ein Kunststoffband zwischen vorderem Unterschenkel und hinterem Oberschenkel befestigt und gespannt. Der Zug des Bandes stabilisiert das Knie. Im Bild ist die Stahlh\u00fclse der Bandverbindung sichtbar, das Band selbst kann man nicht sehen. Endg\u00fcltige Stabilit\u00e4t wird durch das Umwachsen des Implantates mit k\u00f6rpereigenem Gewebe erzielt. Dieser Vorgang dauert etwa 3 Monate und entspricht damit der Heilungsdauer der Operation. Belastung des Knies ist nach der Operation m\u00f6glich, allerdings muss der Hund an der Leine gef\u00fchrt werden. Katzen d\u00fcrfen nach einigen Wochen wieder ins Freie. Vorteil: bew\u00e4hrte und weitaus kosteng\u00fcnstigste Variante, die in den meisten F\u00e4llen ausgezeichnet funktioniert.<\/p>\n<\/div>\n<h2 class=\"darkspottext\"><img loading=\"lazy\" decoding=\"async\" class=\"alignnone wp-image-278\" src=\"https:\/\/tierklinik-sonnberg.at\/wp-content\/uploads\/2025\/12\/K800_IMG_2668-225x300.jpg\" alt=\"\" width=\"137\" height=\"183\" srcset=\"https:\/\/tierklinik-sonnberg.at\/wp-content\/uploads\/2025\/12\/K800_IMG_2668-225x300.jpg 225w, https:\/\/tierklinik-sonnberg.at\/wp-content\/uploads\/2025\/12\/K800_IMG_2668-rotated.jpg 240w\" sizes=\"auto, (max-width: 137px) 100vw, 137px\" \/><\/h2>\n<\/div>\n<\/div>\n<\/div>\n<div id=\"r1757\" class=\"row \">\n<div class=\"container container-fixed\">\n<div class=\"col col-sm-12\">\n<div id=\"m4356\" class=\"module divider\"><\/div>\n<\/div>\n<\/div>\n<\/div>\n<div id=\"r4473\" class=\"row \">\n<div class=\"container container-fixed\">\n<div class=\"col col-sm-12 col-md-4 col-lg-4\">\n<div id=\"w_m4743\" class=\"imageModuleWrap\"><\/div>\n<\/div>\n<div class=\"col col-sm-12 col-md-8 col-lg-8\">\n<div id=\"m1333\" class=\"module text\">\n<h2 class=\"darkspottext\">Tuberositas Tibiae Advancement (TTA)<\/h2>\n<p>&nbsp;<\/p>\n<p>Eine der sogenannten Umstellungsosteotomien. Ziel dieser Operationstechnik ist es, den Winkel zwischen Ober- und Unterschenkel zu ver\u00e4ndern und die dort wirkenden Kr\u00e4fte zu minimieren. Das Kreuzband wir dabei nicht ersetzt. Neben der TPLO, bei der der Unterschenkel mit einer halbkreisf\u00f6rmigen S\u00e4ge durchtrennt und mit einer Platte wieder verschraubt wird ist die TTA eine sehr gebr\u00e4uchliche Technik. Hierbei wird die vordere Unterschenkelkante mit einer S\u00e4ge abgetrennt und mit einem Keil im Abstand wieder verschraubt. Im Bild eine Operation, bei der geichzeitig die luxierte Kniescheibe durch Versetzen der Ansatzstelle des geraden Kniescheibenbandes korrigiert wurde. Postoperativ darf das Knie \u00fcber einige Wochen nicht stark belastet werden, da es dann zum Ausri\u00df des Implantats kommen kann. Vorteil der TTA ist, dass Kniescheibenluxationen in derselben Operation mtiibehandelt werden k\u00f6nnen. Andere TTA Techniken befestigen das abgetrennte Knochenst\u00fcck mit einer zus\u00e4tzlichen Platte.<\/p>\n<\/div>\n<p><span class=\"buttonLabel labelRight\">TTA plus Implantat <img loading=\"lazy\" decoding=\"async\" class=\"alignnone wp-image-277\" src=\"https:\/\/tierklinik-sonnberg.at\/wp-content\/uploads\/2025\/12\/K800_IMG_2667-225x300.jpg\" alt=\"\" width=\"158\" height=\"211\" srcset=\"https:\/\/tierklinik-sonnberg.at\/wp-content\/uploads\/2025\/12\/K800_IMG_2667-225x300.jpg 225w, https:\/\/tierklinik-sonnberg.at\/wp-content\/uploads\/2025\/12\/K800_IMG_2667-rotated.jpg 240w\" sizes=\"auto, (max-width: 158px) 100vw, 158px\" \/><\/span><\/p>\n<h2><\/h2>\n<h2 class=\"the-heading1\">Tibia Plateau Leveling Osteotomy &#8211;\u00a0TPLO<\/h2>\n<p>Eine der Umstellungsosteotomien, der Unterschenkelknochen wir unterhalb des Knies halbkreisf\u00f6rmig durchtrennt und nach Winkelkorrektur mit einer speziellen Platte und Schrauben wieder befestigt. G\u00e4ngige Methode mit guten Erfolgsraten.<\/p>\n<\/div>\n<\/div>\n<\/div>\n","protected":false},"excerpt":{"rendered":"<p>H\u00e4ufige Methoden zur Kreuzbandoperation im \u00dcberblick Zlig Zlig ist ein relativ neuer Begriff innnerhalb der Operationstechniken des Kreuzbandrisses. Gab es bis vor Kurzem keine wirklich brauchbaren Materialien, die ein Kreuzband ersetzen konnten, wurde mit dem Zlig\u00a0 ein ausgezeichneter Ersatz geschaffen. Zur Implantation werden an den Ansatzstellen des gerissenen Kreuzbandes Kan\u00e4le durch den Knochen gebohrt und [&hellip;]<\/p>\n","protected":false},"author":1,"featured_media":0,"parent":7,"menu_order":0,"comment_status":"closed","ping_status":"closed","template":"page-no-title","meta":{"_themeisle_gutenberg_block_has_review":false,"footnotes":""},"class_list":["post-68","page","type-page","status-publish","hentry"],"_links":{"self":[{"href":"https:\/\/tierklinik-sonnberg.at\/index.php?rest_route=\/wp\/v2\/pages\/68","targetHints":{"allow":["GET"]}}],"collection":[{"href":"https:\/\/tierklinik-sonnberg.at\/index.php?rest_route=\/wp\/v2\/pages"}],"about":[{"href":"https:\/\/tierklinik-sonnberg.at\/index.php?rest_route=\/wp\/v2\/types\/page"}],"author":[{"embeddable":true,"href":"https:\/\/tierklinik-sonnberg.at\/index.php?rest_route=\/wp\/v2\/users\/1"}],"replies":[{"embeddable":true,"href":"https:\/\/tierklinik-sonnberg.at\/index.php?rest_route=%2Fwp%2Fv2%2Fcomments&post=68"}],"version-history":[{"count":5,"href":"https:\/\/tierklinik-sonnberg.at\/index.php?rest_route=\/wp\/v2\/pages\/68\/revisions"}],"predecessor-version":[{"id":279,"href":"https:\/\/tierklinik-sonnberg.at\/index.php?rest_route=\/wp\/v2\/pages\/68\/revisions\/279"}],"up":[{"embeddable":true,"href":"https:\/\/tierklinik-sonnberg.at\/index.php?rest_route=\/wp\/v2\/pages\/7"}],"wp:attachment":[{"href":"https:\/\/tierklinik-sonnberg.at\/index.php?rest_route=%2Fwp%2Fv2%2Fmedia&parent=68"}],"curies":[{"name":"wp","href":"https:\/\/api.w.org\/{rel}","templated":true}]}}